{"id":19,"date":"2024-11-18T21:11:29","date_gmt":"2024-11-18T21:11:29","guid":{"rendered":"http:\/\/test-web.wushu-senden.de\/?page_id=2"},"modified":"2025-02-18T21:06:55","modified_gmt":"2025-02-18T20:06:55","slug":"impressum","status":"publish","type":"page","link":"https:\/\/wushu-senden.de\/ru\/ueber-uns\/kontakt\/impressum\/","title":{"rendered":"Impressum"},"content":{"rendered":"<style>.elementor-19 .elementor-element.elementor-element-dc0489b{--display:flex;--flex-direction:column;--container-widget-width:100%;--container-widget-height:initial;--container-widget-flex-grow:0;--container-widget-align-self:initial;--flex-wrap-mobile:wrap;}<\/style>\t\t<div data-elementor-type=\"wp-page\" data-elementor-id=\"19\" class=\"elementor elementor-19\" data-elementor-post-type=\"page\">\n\t\t\t\t<div class=\"elementor-element elementor-element-dc0489b e-flex e-con-boxed e-con e-parent\" data-id=\"dc0489b\" data-element_type=\"container\" data-e-type=\"container\">\n\t\t\t\t\t<div class=\"e-con-inner\">\n\t\t\t\t<div class=\"elementor-element elementor-element-1d81aca elementor-widget elementor-widget-heading\" data-id=\"1d81aca\" data-element_type=\"widget\" data-e-type=\"widget\" data-widget_type=\"heading.default\">\n\t\t\t\t<div class=\"elementor-widget-container\">\n\t\t\t\t\t<h2 class=\"elementor-heading-title elementor-size-default\">Impressum<\/h2>\t\t\t\t<\/div>\n\t\t\t\t<\/div>\n\t\t\t\t<div class=\"elementor-element elementor-element-7f6be42 elementor-widget elementor-widget-text-editor\" data-id=\"7f6be42\" data-element_type=\"widget\" data-e-type=\"widget\" data-widget_type=\"text-editor.default\">\n\t\t\t\t<div class=\"elementor-widget-container\">\n\t\t\t\t\t\t\t\t\t<p class=\"font_9 wixui-rich-text__text\"><span class=\"color_15 wixui-rich-text__text\">\u00dcber die folgenden Kontaktdaten k\u00f6nnen Sie mit dem Wushu Sportclub Senden e.V. in Kontakt treten.<\/span><\/p>\n<p class=\"font_9 wixui-rich-text__text\"><span class=\"wixui-rich-text__text\">\u200b\u200b<\/span><\/p>\n<h4 class=\"font_9 wixui-rich-text__text\"><span class=\"color_15 wixui-rich-text__text\">Wushu Sportclub Senden e.V.<\/span><\/h4>\n<p class=\"font_9 wixui-rich-text__text\"><span class=\"wixui-rich-text__text\">\u200b<\/span><\/p>\n<p class=\"font_9 wixui-rich-text__text\"><span class=\"color_15 wixui-rich-text__text\">1. Vorsitzender\u00a0<\/span><\/p>\n<p class=\"font_9 wixui-rich-text__text\"><span class=\"color_15 wixui-rich-text__text\">Sergej Sasikin<\/span><\/p>\n<p class=\"font_9 wixui-rich-text__text\"><span class=\"color_15 wixui-rich-text__text\">Schumannstr. 3<\/span><\/p>\n<p class=\"font_9 wixui-rich-text__text\"><span class=\"color_15 wixui-rich-text__text\">48308 Senden<\/span><\/p>\n<p class=\"font_9 wixui-rich-text__text\"><span class=\"wixui-rich-text__text\">\u200b<\/span><\/p>\n<p class=\"font_9 wixui-rich-text__text\"><span class=\"color_15 wixui-rich-text__text\">+49 (0) 176 846 217 03<\/span><\/p>\n<p class=\"font_9 wixui-rich-text__text\"><span class=\"color_15 wixui-rich-text__text\"><span class=\"wixui-rich-text__text\"><a class=\"wixui-rich-text__text\" href=\"mailto:wushusenden@gmail.com\" data-auto-recognition=\"true\">wushusenden@gmail.com<\/a><\/span><\/span><\/p>\n<p>\u00a0<\/p>\n<p>\u00a0<\/p>\n<h5 class=\"font_9 wixui-rich-text__text\"><span class=\"wixui-rich-text__text\"><span class=\"color_15 wixui-rich-text__text\">Vereinsregister:<\/span><\/span><\/h5>\n<p class=\"font_9 wixui-rich-text__text\"><span class=\"color_15 wixui-rich-text__text\">Amtsgericht L\u00fcdinghausen<\/span><\/p>\n<p class=\"font_9 wixui-rich-text__text\"><span class=\"color_15 wixui-rich-text__text\">VR 0716<\/span><\/p>\n<p class=\"font_9 wixui-rich-text__text\"><span class=\"wixui-rich-text__text\">\u200b<\/span><\/p>\n<h5 class=\"font_9 wixui-rich-text__text\"><span class=\"color_15 wixui-rich-text__text\"><span class=\"wixui-rich-text__text\">Bankverbindung:<\/span> <\/span><\/h5>\n<p class=\"font_9 wixui-rich-text__text\"><span class=\"color_15 wixui-rich-text__text\">Sparkasse Westm\u00fcnsterland<\/span><\/p>\n<p class=\"font_9 wixui-rich-text__text\"><span class=\"color_15 wixui-rich-text__text\">IBAN DE80 4015 4530 0035 1690 69<\/span><\/p>\n<p class=\"font_9 wixui-rich-text__text\"><span class=\"color_15 wixui-rich-text__text\">BIC WELADE3WXXX<\/span><\/p>\n<p class=\"font_9 wixui-rich-text__text\"><span class=\"wixui-rich-text__text\">\u200b<\/span><\/p>\n<h5 class=\"font_9 wixui-rich-text__text\"><span class=\"wixui-rich-text__text\">Spenden<\/span><\/h5>\n<p class=\"font_9 wixui-rich-text__text\">Sie m\u00f6chten unsere Arbeit unterst\u00fctzen, aber kein Mitglied werden? Dann k\u00f6nnen Sie das gern \u00fcber eine zweckgebundene Spende tun. Sie erhalten von uns umgehend nach Geldeingang eine Zuwendungsbest\u00e4tigung (Spendenquittung). Bitte teilen Sie uns dazu Ihre Adresse mit. Ihre Daten werden selbstverst\u00e4ndlich vertraulich behandelt.<\/p>\n<p class=\"font_9 wixui-rich-text__text\">\u200b<\/p>\n<p class=\"font_9 wixui-rich-text__text\">Die W\u00fcrdigung und Wertsch\u00e4tzung sportlichen Engagements, die Jugendarbeit ist uns ein gro\u00dfes Anliegen. Wir freuen uns \u00fcber Ihre Unterst\u00fctzung mit einer Spende! Damit wir diese zweckgem\u00e4\u00df verwenden k\u00f6nnen, bitten wir bei der \u00dcberweisung um Angabe des Verwendungszwecks.<\/p>\n<p class=\"font_9 wixui-rich-text__text\">\u200b<\/p>\n<p class=\"font_9 wixui-rich-text__text\">Wir bedanken uns an dieser Stelle sehr herzlich f\u00fcr Ihre Unterst\u00fctzung!<\/p>\n<p class=\"font_9 wixui-rich-text__text\"><span class=\"wixui-rich-text__text\">\u200b<\/span><\/p>\t\t\t\t\t\t\t\t<\/div>\n\t\t\t\t<\/div>\n\t\t\t\t\t<\/div>\n\t\t\t\t<\/div>\n\t\t\t\t<\/div>","protected":false},"excerpt":{"rendered":"<p>Impressum \u00dcber die folgenden Kontaktdaten k\u00f6nnen Sie mit dem Wushu Sportclub Senden e.V. in Kontakt treten. \u200b\u200b Wushu Sportclub Senden e.V. \u200b 1. Vorsitzender\u00a0 Sergej Sasikin Schumannstr. 3 48308 Senden \u200b +49 (0) 176 846 217 03 wushusenden@gmail.com Vereinsregister: Amtsgericht L\u00fcdinghausen VR 0716 \u200b Bankverbindung: Sparkasse Westm\u00fcnsterland IBAN DE80 4015 4530 0035 1690 69 BIC [&hellip;]<\/p>\n","protected":false},"author":4,"featured_media":0,"parent":39,"menu_order":2,"comment_status":"closed","ping_status":"closed","template":"elementor_header_footer","meta":{"ocean_post_layout":"","ocean_both_sidebars_style":"","ocean_both_sidebars_content_width":0,"ocean_both_sidebars_sidebars_width":0,"ocean_sidebar":"","ocean_second_sidebar":"","ocean_disable_margins":"enable","ocean_add_body_class":"","ocean_shortcode_before_top_bar":"","ocean_shortcode_after_top_bar":"","ocean_shortcode_before_header":"","ocean_shortcode_after_header":"","ocean_has_shortcode":"","ocean_shortcode_after_title":"","ocean_shortcode_before_footer_widgets":"","ocean_shortcode_after_footer_widgets":"","ocean_shortcode_before_footer_bottom":"","ocean_shortcode_after_footer_bottom":"","ocean_display_top_bar":"default","ocean_display_header":"default","ocean_header_style":"","ocean_center_header_left_menu":"","ocean_custom_header_template":"","ocean_custom_logo":0,"ocean_custom_retina_logo":0,"ocean_custom_logo_max_width":0,"ocean_custom_logo_tablet_max_width":0,"ocean_custom_logo_mobile_max_width":0,"ocean_custom_logo_max_height":0,"ocean_custom_logo_tablet_max_height":0,"ocean_custom_logo_mobile_max_height":0,"ocean_header_custom_menu":"","ocean_menu_typo_font_family":"","ocean_menu_typo_font_subset":"","ocean_menu_typo_font_size":0,"ocean_menu_typo_font_size_tablet":0,"ocean_menu_typo_font_size_mobile":0,"ocean_menu_typo_font_size_unit":"px","ocean_menu_typo_font_weight":"","ocean_menu_typo_font_weight_tablet":"","ocean_menu_typo_font_weight_mobile":"","ocean_menu_typo_transform":"","ocean_menu_typo_transform_tablet":"","ocean_menu_typo_transform_mobile":"","ocean_menu_typo_line_height":0,"ocean_menu_typo_line_height_tablet":0,"ocean_menu_typo_line_height_mobile":0,"ocean_menu_typo_line_height_unit":"","ocean_menu_typo_spacing":0,"ocean_menu_typo_spacing_tablet":0,"ocean_menu_typo_spacing_mobile":0,"ocean_menu_typo_spacing_unit":"","ocean_menu_link_color":"","ocean_menu_link_color_hover":"","ocean_menu_link_color_active":"","ocean_menu_link_background":"","ocean_menu_link_hover_background":"","ocean_menu_link_active_background":"","ocean_menu_social_links_bg":"","ocean_menu_social_hover_links_bg":"","ocean_menu_social_links_color":"","ocean_menu_social_hover_links_color":"","ocean_disable_title":"default","ocean_disable_heading":"default","ocean_post_title":"","ocean_post_subheading":"","ocean_post_title_style":"","ocean_post_title_background_color":"","ocean_post_title_background":0,"ocean_post_title_bg_image_position":"","ocean_post_title_bg_image_attachment":"","ocean_post_title_bg_image_repeat":"","ocean_post_title_bg_image_size":"","ocean_post_title_height":0,"ocean_post_title_bg_overlay":0.5,"ocean_post_title_bg_overlay_color":"","ocean_disable_breadcrumbs":"default","ocean_breadcrumbs_color":"","ocean_breadcrumbs_separator_color":"","ocean_breadcrumbs_links_color":"","ocean_breadcrumbs_links_hover_color":"","ocean_display_footer_widgets":"default","ocean_display_footer_bottom":"default","ocean_custom_footer_template":"","footnotes":""},"class_list":["post-19","page","type-page","status-publish","hentry","entry"],"_links":{"self":[{"href":"https:\/\/wushu-senden.de\/ru\/wp-json\/wp\/v2\/pages\/19","targetHints":{"allow":["GET"]}}],"collection":[{"href":"https:\/\/wushu-senden.de\/ru\/wp-json\/wp\/v2\/pages"}],"about":[{"href":"https:\/\/wushu-senden.de\/ru\/wp-json\/wp\/v2\/types\/page"}],"author":[{"embeddable":true,"href":"https:\/\/wushu-senden.de\/ru\/wp-json\/wp\/v2\/users\/4"}],"replies":[{"embeddable":true,"href":"https:\/\/wushu-senden.de\/ru\/wp-json\/wp\/v2\/comments?post=19"}],"version-history":[{"count":1,"href":"https:\/\/wushu-senden.de\/ru\/wp-json\/wp\/v2\/pages\/19\/revisions"}],"predecessor-version":[{"id":1077,"href":"https:\/\/wushu-senden.de\/ru\/wp-json\/wp\/v2\/pages\/19\/revisions\/1077"}],"up":[{"embeddable":true,"href":"https:\/\/wushu-senden.de\/ru\/wp-json\/wp\/v2\/pages\/39"}],"wp:attachment":[{"href":"https:\/\/wushu-senden.de\/ru\/wp-json\/wp\/v2\/media?parent=19"}],"curies":[{"name":"wp","href":"https:\/\/api.w.org\/{rel}","templated":true}]}}